{"id":5154,"date":"2025-07-08T21:45:25","date_gmt":"2025-07-08T21:45:25","guid":{"rendered":"https:\/\/sigmaqc.co\/inicio\/?page_id=5154"},"modified":"2026-04-27T17:58:02","modified_gmt":"2026-04-27T17:58:02","slug":"tutoriales-sigma-2","status":"publish","type":"page","link":"https:\/\/sigmaqc.co\/inicio\/tutoriales-sigma-2\/","title":{"rendered":"Autogestionamiento"},"content":{"rendered":"\t\t<div data-elementor-type=\"wp-page\" data-elementor-id=\"5154\" class=\"elementor elementor-5154\">\n\t\t\t\t\t\t<section class=\"elementor-section elementor-top-section elementor-element elementor-element-314bac1 elementor-section-boxed elementor-section-height-default elementor-section-height-default\" data-id=\"314bac1\" data-element_type=\"section\">\n\t\t\t\t\t\t<div class=\"elementor-container elementor-column-gap-default\">\n\t\t\t\t\t<div class=\"elementor-column elementor-col-100 elementor-top-column elementor-element elementor-element-455581b\" data-id=\"455581b\" data-element_type=\"column\">\n\t\t\t<div class=\"elementor-widget-wrap elementor-element-populated\">\n\t\t\t\t\t\t<div class=\"elementor-element elementor-element-e4aa5b0 elementor-widget elementor-widget-spacer\" data-id=\"e4aa5b0\" data-element_type=\"widget\" data-widget_type=\"spacer.default\">\n\t\t\t\t<div class=\"elementor-widget-container\">\n\t\t\t\t\t<div class=\"elementor-spacer\">\n\t\t\t<div class=\"elementor-spacer-inner\"><\/div>\n\t\t<\/div>\n\t\t\t\t<\/div>\n\t\t\t\t<\/div>\n\t\t\t\t\t<\/div>\n\t\t<\/div>\n\t\t\t\t\t<\/div>\n\t\t<\/section>\n\t\t\t\t<section class=\"elementor-section elementor-top-section elementor-element elementor-element-a87068b elementor-section-boxed elementor-section-height-default elementor-section-height-default\" data-id=\"a87068b\" data-element_type=\"section\">\n\t\t\t\t\t\t<div class=\"elementor-container elementor-column-gap-default\">\n\t\t\t\t\t<div class=\"elementor-column elementor-col-100 elementor-top-column elementor-element elementor-element-034327d\" data-id=\"034327d\" data-element_type=\"column\">\n\t\t\t<div class=\"elementor-widget-wrap elementor-element-populated\">\n\t\t\t\t\t\t<div class=\"elementor-element elementor-element-69220c9 elementor-widget elementor-widget-spacer\" data-id=\"69220c9\" data-element_type=\"widget\" data-widget_type=\"spacer.default\">\n\t\t\t\t<div class=\"elementor-widget-container\">\n\t\t\t\t\t<div class=\"elementor-spacer\">\n\t\t\t<div class=\"elementor-spacer-inner\"><\/div>\n\t\t<\/div>\n\t\t\t\t<\/div>\n\t\t\t\t<\/div>\n\t\t\t\t\t<\/div>\n\t\t<\/div>\n\t\t\t\t\t<\/div>\n\t\t<\/section>\n\t\t\t\t<section class=\"elementor-section elementor-top-section elementor-element elementor-element-82ede90 elementor-section-boxed elementor-section-height-default elementor-section-height-default\" data-id=\"82ede90\" data-element_type=\"section\">\n\t\t\t\t\t\t<div class=\"elementor-container elementor-column-gap-default\">\n\t\t\t\t\t<div class=\"elementor-column elementor-col-25 elementor-top-column elementor-element elementor-element-a72b7d1\" data-id=\"a72b7d1\" data-element_type=\"column\">\n\t\t\t<div class=\"elementor-widget-wrap elementor-element-populated\">\n\t\t\t\t\t\t<div class=\"elementor-element elementor-element-129e1be elementor-align-center elementor-widget elementor-widget-button\" data-id=\"129e1be\" data-element_type=\"widget\" data-widget_type=\"button.default\">\n\t\t\t\t<div class=\"elementor-widget-container\">\n\t\t\t\t\t<div class=\"elementor-button-wrapper\">\n\t\t\t<a class=\"elementor-button elementor-button-link elementor-size-lg\" href=\"http:\/\/sigmaqc.co\/inicio\/tutoriales-sigma\/\" target=\"_blank\">\n\t\t\t\t\t\t<span class=\"elementor-button-content-wrapper\">\n\t\t\t\t\t\t\t\t\t<span class=\"elementor-button-text\">Tutoriales SIGMA <\/span>\n\t\t\t\t\t<\/span>\n\t\t\t\t\t<\/a>\n\t\t<\/div>\n\t\t\t\t<\/div>\n\t\t\t\t<\/div>\n\t\t\t\t<div class=\"elementor-element elementor-element-294d407 elementor-widget elementor-widget-image\" data-id=\"294d407\" data-element_type=\"widget\" data-widget_type=\"image.default\">\n\t\t\t\t<div class=\"elementor-widget-container\">\n\t\t\t\t\t\t\t\t\t\t\t\t\t\t<a href=\"http:\/\/sigmaqc.co\/inicio\/tutoriales-sigma\/\" target=\"_blank\">\n\t\t\t\t\t\t\t<img fetchpriority=\"high\" decoding=\"async\" width=\"640\" height=\"274\" src=\"https:\/\/sigmaqc.co\/inicio\/wp-content\/uploads\/2022\/07\/Sigma-externo-nuevo-1024x439.jpg\" class=\"elementor-animation-float attachment-large size-large wp-image-1841\" alt=\"\" srcset=\"https:\/\/sigmaqc.co\/inicio\/wp-content\/uploads\/2022\/07\/Sigma-externo-nuevo-1024x439.jpg 1024w, https:\/\/sigmaqc.co\/inicio\/wp-content\/uploads\/2022\/07\/Sigma-externo-nuevo-300x129.jpg 300w, https:\/\/sigmaqc.co\/inicio\/wp-content\/uploads\/2022\/07\/Sigma-externo-nuevo-768x329.jpg 768w, https:\/\/sigmaqc.co\/inicio\/wp-content\/uploads\/2022\/07\/Sigma-externo-nuevo-1536x658.jpg 1536w, https:\/\/sigmaqc.co\/inicio\/wp-content\/uploads\/2022\/07\/Sigma-externo-nuevo.jpg 1655w\" sizes=\"(max-width: 640px) 100vw, 640px\" \/>\t\t\t\t\t\t\t\t<\/a>\n\t\t\t\t\t\t\t\t\t\t\t\t\t<\/div>\n\t\t\t\t<\/div>\n\t\t\t\t\t<\/div>\n\t\t<\/div>\n\t\t\t\t<div class=\"elementor-column elementor-col-25 elementor-top-column elementor-element elementor-element-ce82766\" data-id=\"ce82766\" data-element_type=\"column\">\n\t\t\t<div class=\"elementor-widget-wrap elementor-element-populated\">\n\t\t\t\t\t\t<div class=\"elementor-element elementor-element-1783bee elementor-align-center elementor-widget elementor-widget-button\" data-id=\"1783bee\" data-element_type=\"widget\" data-widget_type=\"button.default\">\n\t\t\t\t<div class=\"elementor-widget-container\">\n\t\t\t\t\t<div class=\"elementor-button-wrapper\">\n\t\t\t<a class=\"elementor-button elementor-button-link elementor-size-lg\" href=\"https:\/\/sigmaqc.co\/inicio\/tutoriales-esfeqa\/\" target=\"_blank\">\n\t\t\t\t\t\t<span class=\"elementor-button-content-wrapper\">\n\t\t\t\t\t\t\t\t\t<span class=\"elementor-button-text\">Tutoriales ESFEQA<\/span>\n\t\t\t\t\t<\/span>\n\t\t\t\t\t<\/a>\n\t\t<\/div>\n\t\t\t\t<\/div>\n\t\t\t\t<\/div>\n\t\t\t\t<div class=\"elementor-element elementor-element-ae66e0d elementor-widget elementor-widget-image\" data-id=\"ae66e0d\" data-element_type=\"widget\" data-widget_type=\"image.default\">\n\t\t\t\t<div class=\"elementor-widget-container\">\n\t\t\t\t\t\t\t\t\t\t\t\t\t\t<a href=\"https:\/\/sigmaqc.co\/inicio\/tutoriales-esfeqa\/\" target=\"_blank\">\n\t\t\t\t\t\t\t<img decoding=\"async\" width=\"640\" height=\"243\" data-src=\"https:\/\/sigmaqc.co\/inicio\/wp-content\/uploads\/2021\/03\/esfeqa4-1024x389.jpg\" class=\"elementor-animation-float attachment-large size-large wp-image-1322 lazyload\" alt=\"\" data-srcset=\"https:\/\/sigmaqc.co\/inicio\/wp-content\/uploads\/2021\/03\/esfeqa4-1024x389.jpg 1024w, https:\/\/sigmaqc.co\/inicio\/wp-content\/uploads\/2021\/03\/esfeqa4-300x114.jpg 300w, https:\/\/sigmaqc.co\/inicio\/wp-content\/uploads\/2021\/03\/esfeqa4-768x292.jpg 768w, https:\/\/sigmaqc.co\/inicio\/wp-content\/uploads\/2021\/03\/esfeqa4.jpg 1120w\" data-sizes=\"(max-width: 640px) 100vw, 640px\" src=\"data:image\/svg+xml;base64,PHN2ZyB3aWR0aD0iMSIgaGVpZ2h0PSIxIiB4bWxucz0iaHR0cDovL3d3dy53My5vcmcvMjAwMC9zdmciPjwvc3ZnPg==\" style=\"--smush-placeholder-width: 640px; --smush-placeholder-aspect-ratio: 640\/243;\" \/>\t\t\t\t\t\t\t\t<\/a>\n\t\t\t\t\t\t\t\t\t\t\t\t\t<\/div>\n\t\t\t\t<\/div>\n\t\t\t\t\t<\/div>\n\t\t<\/div>\n\t\t\t\t<div class=\"elementor-column elementor-col-25 elementor-top-column elementor-element elementor-element-cc69cc9\" data-id=\"cc69cc9\" data-element_type=\"column\">\n\t\t\t<div class=\"elementor-widget-wrap elementor-element-populated\">\n\t\t\t\t\t\t<div class=\"elementor-element elementor-element-7b4c78c elementor-align-center elementor-widget elementor-widget-button\" data-id=\"7b4c78c\" data-element_type=\"widget\" data-widget_type=\"button.default\">\n\t\t\t\t<div class=\"elementor-widget-container\">\n\t\t\t\t\t<div class=\"elementor-button-wrapper\">\n\t\t\t<a class=\"elementor-button elementor-button-link elementor-size-lg\" href=\"http:\/\/sigmaqc.co\/inicio\/tutoriales-nqs\/\" target=\"_blank\">\n\t\t\t\t\t\t<span class=\"elementor-button-content-wrapper\">\n\t\t\t\t\t\t\t\t\t<span class=\"elementor-button-text\">Tutoriales               NQS<\/span>\n\t\t\t\t\t<\/span>\n\t\t\t\t\t<\/a>\n\t\t<\/div>\n\t\t\t\t<\/div>\n\t\t\t\t<\/div>\n\t\t\t\t<div class=\"elementor-element elementor-element-a8a06ff elementor-widget elementor-widget-image\" data-id=\"a8a06ff\" data-element_type=\"widget\" data-widget_type=\"image.default\">\n\t\t\t\t<div class=\"elementor-widget-container\">\n\t\t\t\t\t\t\t\t\t\t\t\t\t\t<a href=\"http:\/\/sigmaqc.co\/inicio\/tutoriales-nqs\/\" target=\"_blank\">\n\t\t\t\t\t\t\t<img decoding=\"async\" width=\"640\" height=\"258\" data-src=\"https:\/\/sigmaqc.co\/inicio\/wp-content\/uploads\/2021\/09\/NQS-1024x413.jpg\" class=\"elementor-animation-float attachment-large size-large wp-image-1406 lazyload\" alt=\"\" data-srcset=\"https:\/\/sigmaqc.co\/inicio\/wp-content\/uploads\/2021\/09\/NQS-1024x413.jpg 1024w, https:\/\/sigmaqc.co\/inicio\/wp-content\/uploads\/2021\/09\/NQS-300x121.jpg 300w, https:\/\/sigmaqc.co\/inicio\/wp-content\/uploads\/2021\/09\/NQS-768x310.jpg 768w, https:\/\/sigmaqc.co\/inicio\/wp-content\/uploads\/2021\/09\/NQS-1536x620.jpg 1536w, https:\/\/sigmaqc.co\/inicio\/wp-content\/uploads\/2021\/09\/NQS-2048x826.jpg 2048w\" data-sizes=\"(max-width: 640px) 100vw, 640px\" src=\"data:image\/svg+xml;base64,PHN2ZyB3aWR0aD0iMSIgaGVpZ2h0PSIxIiB4bWxucz0iaHR0cDovL3d3dy53My5vcmcvMjAwMC9zdmciPjwvc3ZnPg==\" style=\"--smush-placeholder-width: 640px; --smush-placeholder-aspect-ratio: 640\/258;\" \/>\t\t\t\t\t\t\t\t<\/a>\n\t\t\t\t\t\t\t\t\t\t\t\t\t<\/div>\n\t\t\t\t<\/div>\n\t\t\t\t\t<\/div>\n\t\t<\/div>\n\t\t\t\t<div class=\"elementor-column elementor-col-25 elementor-top-column elementor-element elementor-element-d125873\" data-id=\"d125873\" data-element_type=\"column\">\n\t\t\t<div class=\"elementor-widget-wrap elementor-element-populated\">\n\t\t\t\t\t\t<div class=\"elementor-element elementor-element-5da548d elementor-align-center elementor-widget elementor-widget-button\" data-id=\"5da548d\" data-element_type=\"widget\" data-widget_type=\"button.default\">\n\t\t\t\t<div class=\"elementor-widget-container\">\n\t\t\t\t\t<div class=\"elementor-button-wrapper\">\n\t\t\t<a class=\"elementor-button elementor-button-link elementor-size-lg\" href=\"http:\/\/sigmaqc.co\/inicio\/tutoriales-nqs\/\" target=\"_blank\">\n\t\t\t\t\t\t<span class=\"elementor-button-content-wrapper\">\n\t\t\t\t\t\t\t\t\t<span class=\"elementor-button-text\">TutorialeS IQC-LAB<\/span>\n\t\t\t\t\t<\/span>\n\t\t\t\t\t<\/a>\n\t\t<\/div>\n\t\t\t\t<\/div>\n\t\t\t\t<\/div>\n\t\t\t\t<div class=\"elementor-element elementor-element-af1f04c elementor-widget elementor-widget-image\" data-id=\"af1f04c\" data-element_type=\"widget\" data-widget_type=\"image.default\">\n\t\t\t\t<div class=\"elementor-widget-container\">\n\t\t\t\t\t\t\t\t\t\t\t\t\t\t<a href=\"http:\/\/sigmaqc.co\/inicio\/tutoriales-nqs\/\" target=\"_blank\">\n\t\t\t\t\t\t\t<img decoding=\"async\" width=\"215\" height=\"76\" data-src=\"https:\/\/sigmaqc.co\/inicio\/wp-content\/uploads\/2022\/09\/IQC-LAB.jpg\" class=\"elementor-animation-float attachment-large size-large wp-image-2367 lazyload\" alt=\"\" src=\"data:image\/svg+xml;base64,PHN2ZyB3aWR0aD0iMSIgaGVpZ2h0PSIxIiB4bWxucz0iaHR0cDovL3d3dy53My5vcmcvMjAwMC9zdmciPjwvc3ZnPg==\" style=\"--smush-placeholder-width: 215px; --smush-placeholder-aspect-ratio: 215\/76;\" \/>\t\t\t\t\t\t\t\t<\/a>\n\t\t\t\t\t\t\t\t\t\t\t\t\t<\/div>\n\t\t\t\t<\/div>\n\t\t\t\t\t<\/div>\n\t\t<\/div>\n\t\t\t\t\t<\/div>\n\t\t<\/section>\n\t\t\t\t<section class=\"elementor-section elementor-top-section elementor-element elementor-element-63669f6 elementor-section-boxed elementor-section-height-default elementor-section-height-default\" data-id=\"63669f6\" data-element_type=\"section\">\n\t\t\t\t\t\t<div class=\"elementor-container elementor-column-gap-default\">\n\t\t\t\t\t<div class=\"elementor-column elementor-col-100 elementor-top-column elementor-element elementor-element-47cbac6\" data-id=\"47cbac6\" data-element_type=\"column\">\n\t\t\t<div class=\"elementor-widget-wrap elementor-element-populated\">\n\t\t\t\t\t\t<div class=\"elementor-element elementor-element-99d39f1 elementor-align-center elementor-widget elementor-widget-button\" data-id=\"99d39f1\" data-element_type=\"widget\" data-widget_type=\"button.default\">\n\t\t\t\t<div class=\"elementor-widget-container\">\n\t\t\t\t\t<div class=\"elementor-button-wrapper\">\n\t\t\t<a class=\"elementor-button elementor-button-link elementor-size-lg\" href=\"https:\/\/sigmaqc.co\/inicio\/tutoriales-esfeqa-2\/\" target=\"_blank\">\n\t\t\t\t\t\t<span class=\"elementor-button-content-wrapper\">\n\t\t\t\t\t\t\t\t\t<span class=\"elementor-button-text\">ESfEQA TEQA 2.0<\/span>\n\t\t\t\t\t<\/span>\n\t\t\t\t\t<\/a>\n\t\t<\/div>\n\t\t\t\t<\/div>\n\t\t\t\t<\/div>\n\t\t\t\t<div class=\"elementor-element elementor-element-9b22ce5 elementor-widget elementor-widget-image\" data-id=\"9b22ce5\" data-element_type=\"widget\" data-widget_type=\"image.default\">\n\t\t\t\t<div class=\"elementor-widget-container\">\n\t\t\t\t\t\t\t\t\t\t\t\t\t\t<a href=\"https:\/\/sigmaqc.co\/inicio\/tutoriales-esfeqa-2\/\" target=\"_blank\">\n\t\t\t\t\t\t\t<img decoding=\"async\" width=\"300\" height=\"114\" data-src=\"https:\/\/sigmaqc.co\/inicio\/wp-content\/uploads\/2021\/03\/esfeqa4-300x114.jpg\" class=\"elementor-animation-float attachment-medium size-medium wp-image-1322 lazyload\" alt=\"\" data-srcset=\"https:\/\/sigmaqc.co\/inicio\/wp-content\/uploads\/2021\/03\/esfeqa4-300x114.jpg 300w, https:\/\/sigmaqc.co\/inicio\/wp-content\/uploads\/2021\/03\/esfeqa4-1024x389.jpg 1024w, https:\/\/sigmaqc.co\/inicio\/wp-content\/uploads\/2021\/03\/esfeqa4-768x292.jpg 768w, https:\/\/sigmaqc.co\/inicio\/wp-content\/uploads\/2021\/03\/esfeqa4.jpg 1120w\" data-sizes=\"(max-width: 300px) 100vw, 300px\" src=\"data:image\/svg+xml;base64,PHN2ZyB3aWR0aD0iMSIgaGVpZ2h0PSIxIiB4bWxucz0iaHR0cDovL3d3dy53My5vcmcvMjAwMC9zdmciPjwvc3ZnPg==\" style=\"--smush-placeholder-width: 300px; --smush-placeholder-aspect-ratio: 300\/114;\" \/>\t\t\t\t\t\t\t\t<\/a>\n\t\t\t\t\t\t\t\t\t\t\t\t\t<\/div>\n\t\t\t\t<\/div>\n\t\t\t\t<div class=\"elementor-element elementor-element-0ae1cc9 elementor-absolute animated-slow elementor-invisible elementor-widget elementor-widget-text-editor\" data-id=\"0ae1cc9\" data-element_type=\"widget\" data-settings=\"{&quot;_position&quot;:&quot;absolute&quot;,&quot;_animation&quot;:&quot;flash&quot;}\" data-widget_type=\"text-editor.default\">\n\t\t\t\t<div class=\"elementor-widget-container\">\n\t\t\t\t\t\t\t<p>NUEVO!<\/p>\t\t\t\t\t\t<\/div>\n\t\t\t\t<\/div>\n\t\t\t\t\t<\/div>\n\t\t<\/div>\n\t\t\t\t\t<\/div>\n\t\t<\/section>\n\t\t\t\t<section class=\"elementor-section elementor-top-section elementor-element elementor-element-e60a23a elementor-section-boxed elementor-section-height-default elementor-section-height-default\" data-id=\"e60a23a\" data-element_type=\"section\">\n\t\t\t\t\t\t<div class=\"elementor-container elementor-column-gap-default\">\n\t\t\t\t\t<div class=\"elementor-column elementor-col-100 elementor-top-column elementor-element elementor-element-462f35e\" data-id=\"462f35e\" data-element_type=\"column\">\n\t\t\t<div class=\"elementor-widget-wrap elementor-element-populated\">\n\t\t\t\t\t\t<div class=\"elementor-element elementor-element-f95f54b elementor-widget elementor-widget-heading\" data-id=\"f95f54b\" data-element_type=\"widget\" data-widget_type=\"heading.default\">\n\t\t\t\t<div class=\"elementor-widget-container\">\n\t\t\t<h3 class=\"elementor-heading-title elementor-size-default\">Selecciona  el tutorial que necesitas para  Configurar tu Programa de Sigma Externo.<\/h3>\t\t<\/div>\n\t\t\t\t<\/div>\n\t\t\t\t\t<\/div>\n\t\t<\/div>\n\t\t\t\t\t<\/div>\n\t\t<\/section>\n\t\t\t\t<section class=\"elementor-section elementor-top-section elementor-element elementor-element-b3088a3 elementor-section-stretched elementor-section-boxed elementor-section-height-default elementor-section-height-default\" data-id=\"b3088a3\" data-element_type=\"section\" data-settings=\"{&quot;stretch_section&quot;:&quot;section-stretched&quot;,&quot;background_background&quot;:&quot;classic&quot;}\">\n\t\t\t\t\t\t<div class=\"elementor-container elementor-column-gap-default\">\n\t\t\t\t\t<div class=\"elementor-column elementor-col-25 elementor-top-column elementor-element elementor-element-9110d88\" data-id=\"9110d88\" data-element_type=\"column\">\n\t\t\t<div class=\"elementor-widget-wrap elementor-element-populated\">\n\t\t\t\t\t\t<div class=\"elementor-element elementor-element-560f6c1 elementor-position-top layout-default elementor-vertical-align-top elementor-widget elementor-widget-image-box\" data-id=\"560f6c1\" data-element_type=\"widget\" data-widget_type=\"image-box.default\">\n\t\t\t\t<div class=\"elementor-widget-container\">\n\t\t\t<div class=\"elementor-image-box-wrapper\"><div class=\"elementor-image-framed\"><figure class=\"elementor-image-box-img elementor-icon\"><a href=\"https:\/\/sigmaqc.co\/inicio\/autogestionamiento-htc\/\"><img decoding=\"async\" width=\"142\" height=\"142\" data-src=\"https:\/\/sigmaqc.co\/inicio\/wp-content\/uploads\/2021\/03\/hematologia.png\" class=\"attachment-full size-full wp-image-1341 lazyload\" alt=\"\" src=\"data:image\/svg+xml;base64,PHN2ZyB3aWR0aD0iMSIgaGVpZ2h0PSIxIiB4bWxucz0iaHR0cDovL3d3dy53My5vcmcvMjAwMC9zdmciPjwvc3ZnPg==\" style=\"--smush-placeholder-width: 142px; --smush-placeholder-aspect-ratio: 142\/142;\" \/><\/a><\/figure><\/div><div class=\"elementor-image-box-content\"><h3 class=\"elementor-image-box-title\"><a href=\"https:\/\/sigmaqc.co\/inicio\/autogestionamiento-htc\/\">Hormonas Tumorales y Cardiacos (HTC y CM)<\/a><\/h3><\/div><\/div>\t\t<\/div>\n\t\t\t\t<\/div>\n\t\t\t\t\t<\/div>\n\t\t<\/div>\n\t\t\t\t<div class=\"elementor-column elementor-col-25 elementor-top-column elementor-element elementor-element-e647dd8\" data-id=\"e647dd8\" data-element_type=\"column\">\n\t\t\t<div class=\"elementor-widget-wrap elementor-element-populated\">\n\t\t\t\t\t\t<div class=\"elementor-element elementor-element-5ab48b5 elementor-position-top layout-default elementor-vertical-align-top elementor-widget elementor-widget-image-box\" data-id=\"5ab48b5\" data-element_type=\"widget\" data-widget_type=\"image-box.default\">\n\t\t\t\t<div class=\"elementor-widget-container\">\n\t\t\t<div class=\"elementor-image-box-wrapper\"><div class=\"elementor-image-framed\"><figure class=\"elementor-image-box-img elementor-icon\"><a href=\"https:\/\/sigmaqc.co\/inicio\/autogestionamiento-hemoglobina-glicosilada\/\" target=\"_blank\"><img decoding=\"async\" width=\"142\" height=\"142\" data-src=\"https:\/\/sigmaqc.co\/inicio\/wp-content\/uploads\/2021\/03\/quimica-clinica.png\" class=\"attachment-full size-full wp-image-1342 lazyload\" alt=\"\" src=\"data:image\/svg+xml;base64,PHN2ZyB3aWR0aD0iMSIgaGVpZ2h0PSIxIiB4bWxucz0iaHR0cDovL3d3dy53My5vcmcvMjAwMC9zdmciPjwvc3ZnPg==\" style=\"--smush-placeholder-width: 142px; --smush-placeholder-aspect-ratio: 142\/142;\" \/><\/a><\/figure><\/div><div class=\"elementor-image-box-content\"><h3 class=\"elementor-image-box-title\"><a href=\"https:\/\/sigmaqc.co\/inicio\/autogestionamiento-hemoglobina-glicosilada\/\" target=\"_blank\">Hemoglobina Glicosilada<\/a><\/h3><\/div><\/div>\t\t<\/div>\n\t\t\t\t<\/div>\n\t\t\t\t\t<\/div>\n\t\t<\/div>\n\t\t\t\t<div class=\"elementor-column elementor-col-25 elementor-top-column elementor-element elementor-element-c48a7b6\" data-id=\"c48a7b6\" data-element_type=\"column\">\n\t\t\t<div class=\"elementor-widget-wrap elementor-element-populated\">\n\t\t\t\t\t\t<div class=\"elementor-element elementor-element-272abbc elementor-position-top layout-default elementor-vertical-align-top elementor-widget elementor-widget-image-box\" data-id=\"272abbc\" data-element_type=\"widget\" data-widget_type=\"image-box.default\">\n\t\t\t\t<div class=\"elementor-widget-container\">\n\t\t\t<div class=\"elementor-image-box-wrapper\"><div class=\"elementor-image-framed\"><figure class=\"elementor-image-box-img elementor-icon\"><a href=\"https:\/\/sigmaqc.co\/inicio\/autogestionamiento-glucometria\/\"><img decoding=\"async\" width=\"142\" height=\"142\" data-src=\"https:\/\/sigmaqc.co\/inicio\/wp-content\/uploads\/2021\/03\/glucometria.png\" class=\"attachment-full size-full wp-image-1343 lazyload\" alt=\"\" src=\"data:image\/svg+xml;base64,PHN2ZyB3aWR0aD0iMSIgaGVpZ2h0PSIxIiB4bWxucz0iaHR0cDovL3d3dy53My5vcmcvMjAwMC9zdmciPjwvc3ZnPg==\" style=\"--smush-placeholder-width: 142px; --smush-placeholder-aspect-ratio: 142\/142;\" \/><\/a><\/figure><\/div><div class=\"elementor-image-box-content\"><h3 class=\"elementor-image-box-title\"><a href=\"https:\/\/sigmaqc.co\/inicio\/autogestionamiento-glucometria\/\">Glucometr\u00eda<\/a><\/h3><\/div><\/div>\t\t<\/div>\n\t\t\t\t<\/div>\n\t\t\t\t\t<\/div>\n\t\t<\/div>\n\t\t\t\t<div class=\"elementor-column elementor-col-25 elementor-top-column elementor-element elementor-element-a4130d0\" data-id=\"a4130d0\" data-element_type=\"column\">\n\t\t\t<div class=\"elementor-widget-wrap elementor-element-populated\">\n\t\t\t\t\t\t<div class=\"elementor-element elementor-element-7178c41 elementor-position-top layout-default elementor-vertical-align-top elementor-widget elementor-widget-image-box\" data-id=\"7178c41\" data-element_type=\"widget\" data-widget_type=\"image-box.default\">\n\t\t\t\t<div class=\"elementor-widget-container\">\n\t\t\t<div class=\"elementor-image-box-wrapper\"><div class=\"elementor-image-framed\"><figure class=\"elementor-image-box-img elementor-icon\"><a href=\"https:\/\/sigmaqc.co\/inicio\/autogestionamiento-quimica\/\"><img decoding=\"async\" width=\"142\" height=\"142\" data-src=\"https:\/\/sigmaqc.co\/inicio\/wp-content\/uploads\/2021\/03\/parasitologia.png\" class=\"attachment-full size-full wp-image-1344 lazyload\" alt=\"\" src=\"data:image\/svg+xml;base64,PHN2ZyB3aWR0aD0iMSIgaGVpZ2h0PSIxIiB4bWxucz0iaHR0cDovL3d3dy53My5vcmcvMjAwMC9zdmciPjwvc3ZnPg==\" style=\"--smush-placeholder-width: 142px; --smush-placeholder-aspect-ratio: 142\/142;\" \/><\/a><\/figure><\/div><div class=\"elementor-image-box-content\"><h3 class=\"elementor-image-box-title\"><a href=\"https:\/\/sigmaqc.co\/inicio\/autogestionamiento-quimica\/\">Qu\u00edmica<\/a><\/h3><\/div><\/div>\t\t<\/div>\n\t\t\t\t<\/div>\n\t\t\t\t\t<\/div>\n\t\t<\/div>\n\t\t\t\t\t<\/div>\n\t\t<\/section>\n\t\t\t\t<section class=\"elementor-section elementor-top-section elementor-element elementor-element-363dbe2 elementor-section-stretched elementor-section-boxed elementor-section-height-default elementor-section-height-default\" data-id=\"363dbe2\" data-element_type=\"section\" data-settings=\"{&quot;stretch_section&quot;:&quot;section-stretched&quot;,&quot;background_background&quot;:&quot;classic&quot;}\">\n\t\t\t\t\t\t<div class=\"elementor-container elementor-column-gap-default\">\n\t\t\t\t\t<div class=\"elementor-column elementor-col-100 elementor-top-column elementor-element elementor-element-b7c29ee\" data-id=\"b7c29ee\" data-element_type=\"column\">\n\t\t\t<div class=\"elementor-widget-wrap elementor-element-populated\">\n\t\t\t\t\t\t<div class=\"elementor-element elementor-element-dc48eca elementor-position-top layout-default elementor-vertical-align-top elementor-widget elementor-widget-image-box\" data-id=\"dc48eca\" data-element_type=\"widget\" data-widget_type=\"image-box.default\">\n\t\t\t\t<div class=\"elementor-widget-container\">\n\t\t\t<div class=\"elementor-image-box-wrapper\"><div class=\"elementor-image-framed\"><figure class=\"elementor-image-box-img elementor-icon\"><a href=\"https:\/\/youtu.be\/UItHb8Zli-k\"><img decoding=\"async\" width=\"142\" height=\"142\" data-src=\"https:\/\/sigmaqc.co\/inicio\/wp-content\/uploads\/2021\/09\/informes2.png\" class=\"attachment-full size-full wp-image-1496 lazyload\" alt=\"\" src=\"data:image\/svg+xml;base64,PHN2ZyB3aWR0aD0iMSIgaGVpZ2h0PSIxIiB4bWxucz0iaHR0cDovL3d3dy53My5vcmcvMjAwMC9zdmciPjwvc3ZnPg==\" style=\"--smush-placeholder-width: 142px; --smush-placeholder-aspect-ratio: 142\/142;\" \/><\/a><\/figure><\/div><div class=\"elementor-image-box-content\"><h3 class=\"elementor-image-box-title\"><a href=\"https:\/\/youtu.be\/UItHb8Zli-k\">Hematolog\u00eda<\/a><\/h3><\/div><\/div>\t\t<\/div>\n\t\t\t\t<\/div>\n\t\t\t\t\t<\/div>\n\t\t<\/div>\n\t\t\t\t\t<\/div>\n\t\t<\/section>\n\t\t\t\t<\/div>\n\t\t","protected":false},"excerpt":{"rendered":"<p>Tutoriales SIGMA Tutoriales ESFEQA Tutoriales NQS TutorialeS IQC-LAB ESfEQA TEQA 2.0 NUEVO! Selecciona el tutorial que necesitas para Configurar tu Programa de Sigma Externo. Hormonas Tumorales y Cardiacos (HTC y CM) Hemoglobina Glicosilada Glucometr\u00eda Qu\u00edmica Hematolog\u00eda <\/p>\n<div class=\"drchanges-read-more-link-wrap\"><a class=\"drchanges-read-more-link\" href=\"https:\/\/sigmaqc.co\/inicio\/tutoriales-sigma-2\/\">Read More<\/a><\/div>\n","protected":false},"author":1,"featured_media":0,"parent":0,"menu_order":0,"comment_status":"closed","ping_status":"closed","template":"","meta":{"footnotes":""},"class_list":["post-5154","page","type-page","status-publish","hentry"],"_links":{"self":[{"href":"https:\/\/sigmaqc.co\/inicio\/wp-json\/wp\/v2\/pages\/5154","targetHints":{"allow":["GET"]}}],"collection":[{"href":"https:\/\/sigmaqc.co\/inicio\/wp-json\/wp\/v2\/pages"}],"about":[{"href":"https:\/\/sigmaqc.co\/inicio\/wp-json\/wp\/v2\/types\/page"}],"author":[{"embeddable":true,"href":"https:\/\/sigmaqc.co\/inicio\/wp-json\/wp\/v2\/users\/1"}],"replies":[{"embeddable":true,"href":"https:\/\/sigmaqc.co\/inicio\/wp-json\/wp\/v2\/comments?post=5154"}],"version-history":[{"count":88,"href":"https:\/\/sigmaqc.co\/inicio\/wp-json\/wp\/v2\/pages\/5154\/revisions"}],"predecessor-version":[{"id":6394,"href":"https:\/\/sigmaqc.co\/inicio\/wp-json\/wp\/v2\/pages\/5154\/revisions\/6394"}],"wp:attachment":[{"href":"https:\/\/sigmaqc.co\/inicio\/wp-json\/wp\/v2\/media?parent=5154"}],"curies":[{"name":"wp","href":"https:\/\/api.w.org\/{rel}","templated":true}]}}