{"id":6346,"date":"2026-04-23T06:06:58","date_gmt":"2026-04-23T06:06:58","guid":{"rendered":"https:\/\/sigmaqc.co\/inicio\/?page_id=6346"},"modified":"2026-04-23T06:21:44","modified_gmt":"2026-04-23T06:21:44","slug":"tutoriales-esfeqa-2","status":"publish","type":"page","link":"https:\/\/sigmaqc.co\/inicio\/tutoriales-esfeqa-2\/","title":{"rendered":"Tutoriales ESfEQA TEQA 2.0"},"content":{"rendered":"\t\t<div data-elementor-type=\"wp-page\" data-elementor-id=\"6346\" class=\"elementor elementor-6346\">\n\t\t\t\t\t\t<section class=\"elementor-section elementor-top-section elementor-element elementor-element-314bac1 elementor-section-boxed elementor-section-height-default elementor-section-height-default\" data-id=\"314bac1\" data-element_type=\"section\">\n\t\t\t\t\t\t<div class=\"elementor-container elementor-column-gap-default\">\n\t\t\t\t\t<div class=\"elementor-column elementor-col-100 elementor-top-column elementor-element elementor-element-455581b\" data-id=\"455581b\" data-element_type=\"column\">\n\t\t\t<div class=\"elementor-widget-wrap elementor-element-populated\">\n\t\t\t\t\t\t<div class=\"elementor-element elementor-element-e4aa5b0 elementor-widget elementor-widget-spacer\" data-id=\"e4aa5b0\" data-element_type=\"widget\" data-widget_type=\"spacer.default\">\n\t\t\t\t<div class=\"elementor-widget-container\">\n\t\t\t\t\t<div class=\"elementor-spacer\">\n\t\t\t<div class=\"elementor-spacer-inner\"><\/div>\n\t\t<\/div>\n\t\t\t\t<\/div>\n\t\t\t\t<\/div>\n\t\t\t\t\t<\/div>\n\t\t<\/div>\n\t\t\t\t\t<\/div>\n\t\t<\/section>\n\t\t\t\t<section class=\"elementor-section elementor-top-section elementor-element elementor-element-e60a23a elementor-section-boxed elementor-section-height-default elementor-section-height-default\" data-id=\"e60a23a\" data-element_type=\"section\">\n\t\t\t\t\t\t<div class=\"elementor-container elementor-column-gap-default\">\n\t\t\t\t\t<div class=\"elementor-column elementor-col-100 elementor-top-column elementor-element elementor-element-462f35e\" data-id=\"462f35e\" data-element_type=\"column\">\n\t\t\t<div class=\"elementor-widget-wrap elementor-element-populated\">\n\t\t\t\t\t\t<div class=\"elementor-element elementor-element-f95f54b elementor-widget elementor-widget-heading\" data-id=\"f95f54b\" data-element_type=\"widget\" data-widget_type=\"heading.default\">\n\t\t\t\t<div class=\"elementor-widget-container\">\n\t\t\t<h3 class=\"elementor-heading-title elementor-size-default\">Selecciona  el tutorial que necesitas para aprender a realizar tu informe<\/h3>\t\t<\/div>\n\t\t\t\t<\/div>\n\t\t\t\t\t<\/div>\n\t\t<\/div>\n\t\t\t\t\t<\/div>\n\t\t<\/section>\n\t\t\t\t<section class=\"elementor-section elementor-top-section elementor-element elementor-element-b3088a3 elementor-section-stretched elementor-section-boxed elementor-section-height-default elementor-section-height-default\" data-id=\"b3088a3\" data-element_type=\"section\" data-settings=\"{&quot;stretch_section&quot;:&quot;section-stretched&quot;,&quot;background_background&quot;:&quot;classic&quot;}\">\n\t\t\t\t\t\t<div class=\"elementor-container elementor-column-gap-default\">\n\t\t\t\t\t<div class=\"elementor-column elementor-col-33 elementor-top-column elementor-element elementor-element-9110d88\" data-id=\"9110d88\" data-element_type=\"column\">\n\t\t\t<div class=\"elementor-widget-wrap elementor-element-populated\">\n\t\t\t\t\t\t<div class=\"elementor-element elementor-element-560f6c1 elementor-position-top layout-default elementor-vertical-align-top elementor-widget elementor-widget-image-box\" data-id=\"560f6c1\" data-element_type=\"widget\" data-widget_type=\"image-box.default\">\n\t\t\t\t<div class=\"elementor-widget-container\">\n\t\t\t<div class=\"elementor-image-box-wrapper\"><div class=\"elementor-image-framed\"><figure class=\"elementor-image-box-img elementor-icon\"><a href=\"http:\/\/sigmaqc.co\/inicio\/wp-content\/uploads\/2026\/04\/Descargue-de-informe-final-TEQA-2.0.mp4\"><img decoding=\"async\" width=\"142\" height=\"142\" data-src=\"https:\/\/sigmaqc.co\/inicio\/wp-content\/uploads\/2021\/09\/informes2.png\" class=\"attachment-full size-full wp-image-1496 lazyload\" alt=\"\" src=\"data:image\/svg+xml;base64,PHN2ZyB3aWR0aD0iMSIgaGVpZ2h0PSIxIiB4bWxucz0iaHR0cDovL3d3dy53My5vcmcvMjAwMC9zdmciPjwvc3ZnPg==\" style=\"--smush-placeholder-width: 142px; --smush-placeholder-aspect-ratio: 142\/142;\" \/><\/a><\/figure><\/div><div class=\"elementor-image-box-content\"><h3 class=\"elementor-image-box-title\"><a href=\"http:\/\/sigmaqc.co\/inicio\/wp-content\/uploads\/2026\/04\/Descargue-de-informe-final-TEQA-2.0.mp4\">Descarga de informes<\/a><\/h3><\/div><\/div>\t\t<\/div>\n\t\t\t\t<\/div>\n\t\t\t\t\t<\/div>\n\t\t<\/div>\n\t\t\t\t<div class=\"elementor-column elementor-col-33 elementor-top-column elementor-element elementor-element-e647dd8\" data-id=\"e647dd8\" data-element_type=\"column\">\n\t\t\t<div class=\"elementor-widget-wrap elementor-element-populated\">\n\t\t\t\t\t\t<div class=\"elementor-element elementor-element-5ab48b5 elementor-position-top layout-default elementor-vertical-align-top elementor-widget elementor-widget-image-box\" data-id=\"5ab48b5\" data-element_type=\"widget\" data-widget_type=\"image-box.default\">\n\t\t\t\t<div class=\"elementor-widget-container\">\n\t\t\t<div class=\"elementor-image-box-wrapper\"><div class=\"elementor-image-framed\"><figure class=\"elementor-image-box-img elementor-icon\"><a href=\"http:\/\/sigmaqc.co\/inicio\/wp-content\/uploads\/2026\/04\/Ingreso-de-resultados-Cuantitativos-TEQA-2.0.mp4\"><img decoding=\"async\" width=\"142\" height=\"142\" data-src=\"https:\/\/sigmaqc.co\/inicio\/wp-content\/uploads\/2021\/09\/informes2.png\" class=\"attachment-full size-full wp-image-1496 lazyload\" alt=\"\" src=\"data:image\/svg+xml;base64,PHN2ZyB3aWR0aD0iMSIgaGVpZ2h0PSIxIiB4bWxucz0iaHR0cDovL3d3dy53My5vcmcvMjAwMC9zdmciPjwvc3ZnPg==\" style=\"--smush-placeholder-width: 142px; --smush-placeholder-aspect-ratio: 142\/142;\" \/><\/a><\/figure><\/div><div class=\"elementor-image-box-content\"><h3 class=\"elementor-image-box-title\"><a href=\"http:\/\/sigmaqc.co\/inicio\/wp-content\/uploads\/2026\/04\/Ingreso-de-resultados-Cuantitativos-TEQA-2.0.mp4\">Ingreso de resultado cuantitativo<\/a><\/h3><\/div><\/div>\t\t<\/div>\n\t\t\t\t<\/div>\n\t\t\t\t\t<\/div>\n\t\t<\/div>\n\t\t\t\t<div class=\"elementor-column elementor-col-33 elementor-top-column elementor-element elementor-element-c48a7b6\" data-id=\"c48a7b6\" data-element_type=\"column\">\n\t\t\t<div class=\"elementor-widget-wrap elementor-element-populated\">\n\t\t\t\t\t\t<div class=\"elementor-element elementor-element-272abbc elementor-position-top layout-default elementor-vertical-align-top elementor-widget elementor-widget-image-box\" data-id=\"272abbc\" data-element_type=\"widget\" data-widget_type=\"image-box.default\">\n\t\t\t\t<div class=\"elementor-widget-container\">\n\t\t\t<div class=\"elementor-image-box-wrapper\"><div class=\"elementor-image-framed\"><figure class=\"elementor-image-box-img elementor-icon\"><a href=\"http:\/\/sigmaqc.co\/inicio\/wp-content\/uploads\/2026\/04\/Ingreso-de-resultados-cualitativos-TEQA-2.0.mp4\"><img decoding=\"async\" width=\"142\" height=\"142\" data-src=\"https:\/\/sigmaqc.co\/inicio\/wp-content\/uploads\/2021\/09\/informes2.png\" class=\"attachment-full size-full wp-image-1496 lazyload\" alt=\"\" src=\"data:image\/svg+xml;base64,PHN2ZyB3aWR0aD0iMSIgaGVpZ2h0PSIxIiB4bWxucz0iaHR0cDovL3d3dy53My5vcmcvMjAwMC9zdmciPjwvc3ZnPg==\" style=\"--smush-placeholder-width: 142px; --smush-placeholder-aspect-ratio: 142\/142;\" \/><\/a><\/figure><\/div><div class=\"elementor-image-box-content\"><h3 class=\"elementor-image-box-title\"><a href=\"http:\/\/sigmaqc.co\/inicio\/wp-content\/uploads\/2026\/04\/Ingreso-de-resultados-cualitativos-TEQA-2.0.mp4\">Ingreso de resultados cualitativos<\/a><\/h3><\/div><\/div>\t\t<\/div>\n\t\t\t\t<\/div>\n\t\t\t\t\t<\/div>\n\t\t<\/div>\n\t\t\t\t\t<\/div>\n\t\t<\/section>\n\t\t\t\t<section class=\"elementor-section elementor-top-section elementor-element elementor-element-8f80bc9 elementor-section-stretched elementor-section-boxed elementor-section-height-default elementor-section-height-default\" data-id=\"8f80bc9\" data-element_type=\"section\" data-settings=\"{&quot;stretch_section&quot;:&quot;section-stretched&quot;,&quot;background_background&quot;:&quot;classic&quot;}\">\n\t\t\t\t\t\t<div class=\"elementor-container elementor-column-gap-default\">\n\t\t\t\t\t<div class=\"elementor-column elementor-col-33 elementor-top-column elementor-element elementor-element-fb8f4bc\" data-id=\"fb8f4bc\" data-element_type=\"column\">\n\t\t\t<div class=\"elementor-widget-wrap elementor-element-populated\">\n\t\t\t\t\t\t<div class=\"elementor-element elementor-element-a72fa19 elementor-position-top layout-default elementor-vertical-align-top elementor-widget elementor-widget-image-box\" data-id=\"a72fa19\" data-element_type=\"widget\" data-widget_type=\"image-box.default\">\n\t\t\t\t<div class=\"elementor-widget-container\">\n\t\t\t<div class=\"elementor-image-box-wrapper\"><div class=\"elementor-image-framed\"><figure class=\"elementor-image-box-img elementor-icon\"><a href=\"http:\/\/sigmaqc.co\/inicio\/wp-content\/uploads\/2026\/04\/Modificacion-resultados-TEQA-2.0.mp4\"><img decoding=\"async\" width=\"142\" height=\"142\" data-src=\"https:\/\/sigmaqc.co\/inicio\/wp-content\/uploads\/2021\/09\/informes2.png\" class=\"attachment-full size-full wp-image-1496 lazyload\" alt=\"\" src=\"data:image\/svg+xml;base64,PHN2ZyB3aWR0aD0iMSIgaGVpZ2h0PSIxIiB4bWxucz0iaHR0cDovL3d3dy53My5vcmcvMjAwMC9zdmciPjwvc3ZnPg==\" style=\"--smush-placeholder-width: 142px; --smush-placeholder-aspect-ratio: 142\/142;\" \/><\/a><\/figure><\/div><div class=\"elementor-image-box-content\"><h3 class=\"elementor-image-box-title\"><a href=\"http:\/\/sigmaqc.co\/inicio\/wp-content\/uploads\/2026\/04\/Modificacion-resultados-TEQA-2.0.mp4\">Modificaci\u00f3n de resultados<\/a><\/h3><\/div><\/div>\t\t<\/div>\n\t\t\t\t<\/div>\n\t\t\t\t\t<\/div>\n\t\t<\/div>\n\t\t\t\t<div class=\"elementor-column elementor-col-33 elementor-top-column elementor-element elementor-element-0e2a04d\" data-id=\"0e2a04d\" data-element_type=\"column\">\n\t\t\t<div class=\"elementor-widget-wrap elementor-element-populated\">\n\t\t\t\t\t\t<div class=\"elementor-element elementor-element-6ae4c23 elementor-position-top layout-default elementor-vertical-align-top elementor-widget elementor-widget-image-box\" data-id=\"6ae4c23\" data-element_type=\"widget\" data-widget_type=\"image-box.default\">\n\t\t\t\t<div class=\"elementor-widget-container\">\n\t\t\t<div class=\"elementor-image-box-wrapper\"><div class=\"elementor-image-framed\"><figure class=\"elementor-image-box-img elementor-icon\"><a href=\"http:\/\/sigmaqc.co\/inicio\/wp-content\/uploads\/2026\/04\/Configuracion-TEQA-2.0.mp4\"><img decoding=\"async\" width=\"167\" height=\"167\" data-src=\"https:\/\/sigmaqc.co\/inicio\/wp-content\/uploads\/2022\/09\/glucometri\u0301a.png\" class=\"attachment-full size-full wp-image-2323 lazyload\" alt=\"\" data-srcset=\"https:\/\/sigmaqc.co\/inicio\/wp-content\/uploads\/2022\/09\/glucometri\u0301a.png 167w, https:\/\/sigmaqc.co\/inicio\/wp-content\/uploads\/2022\/09\/glucometri\u0301a-150x150.png 150w\" data-sizes=\"(max-width: 167px) 100vw, 167px\" src=\"data:image\/svg+xml;base64,PHN2ZyB3aWR0aD0iMSIgaGVpZ2h0PSIxIiB4bWxucz0iaHR0cDovL3d3dy53My5vcmcvMjAwMC9zdmciPjwvc3ZnPg==\" style=\"--smush-placeholder-width: 167px; --smush-placeholder-aspect-ratio: 167\/167;\" \/><\/a><\/figure><\/div><div class=\"elementor-image-box-content\"><h3 class=\"elementor-image-box-title\"><a href=\"http:\/\/sigmaqc.co\/inicio\/wp-content\/uploads\/2026\/04\/Configuracion-TEQA-2.0.mp4\">Configuraci\u00f3n<\/a><\/h3><\/div><\/div>\t\t<\/div>\n\t\t\t\t<\/div>\n\t\t\t\t\t<\/div>\n\t\t<\/div>\n\t\t\t\t<div class=\"elementor-column elementor-col-33 elementor-top-column elementor-element elementor-element-938dbb8\" data-id=\"938dbb8\" data-element_type=\"column\">\n\t\t\t<div class=\"elementor-widget-wrap elementor-element-populated\">\n\t\t\t\t\t\t<div class=\"elementor-element elementor-element-83fc44b elementor-position-top layout-default elementor-vertical-align-top elementor-widget elementor-widget-image-box\" data-id=\"83fc44b\" data-element_type=\"widget\" data-widget_type=\"image-box.default\">\n\t\t\t\t<div class=\"elementor-widget-container\">\n\t\t\t<div class=\"elementor-image-box-wrapper\"><div class=\"elementor-image-framed\"><figure class=\"elementor-image-box-img elementor-icon\"><a href=\"http:\/\/sigmaqc.co\/inicio\/wp-content\/uploads\/2026\/04\/Adicion-de-dispopsitivos-TEQA-2.0.mp4\"><img decoding=\"async\" width=\"142\" height=\"142\" data-src=\"https:\/\/sigmaqc.co\/inicio\/wp-content\/uploads\/2021\/03\/frotis.png\" class=\"attachment-full size-full wp-image-1349 lazyload\" alt=\"\" src=\"data:image\/svg+xml;base64,PHN2ZyB3aWR0aD0iMSIgaGVpZ2h0PSIxIiB4bWxucz0iaHR0cDovL3d3dy53My5vcmcvMjAwMC9zdmciPjwvc3ZnPg==\" style=\"--smush-placeholder-width: 142px; --smush-placeholder-aspect-ratio: 142\/142;\" \/><\/a><\/figure><\/div><div class=\"elementor-image-box-content\"><h3 class=\"elementor-image-box-title\"><a href=\"http:\/\/sigmaqc.co\/inicio\/wp-content\/uploads\/2026\/04\/Adicion-de-dispopsitivos-TEQA-2.0.mp4\">Adici\u00f3n de dispositivos<\/a><\/h3><\/div><\/div>\t\t<\/div>\n\t\t\t\t<\/div>\n\t\t\t\t\t<\/div>\n\t\t<\/div>\n\t\t\t\t\t<\/div>\n\t\t<\/section>\n\t\t\t\t<\/div>\n\t\t","protected":false},"excerpt":{"rendered":"<p>Selecciona el tutorial que necesitas para aprender a realizar tu informe Descarga de informes Ingreso de resultado cuantitativo Ingreso de resultados cualitativos Modificaci\u00f3n de resultados Configuraci\u00f3n Adici\u00f3n de dispositivos <\/p>\n<div class=\"drchanges-read-more-link-wrap\"><a class=\"drchanges-read-more-link\" href=\"https:\/\/sigmaqc.co\/inicio\/tutoriales-esfeqa-2\/\">Read More<\/a><\/div>\n","protected":false},"author":1,"featured_media":0,"parent":0,"menu_order":0,"comment_status":"closed","ping_status":"closed","template":"","meta":{"footnotes":""},"class_list":["post-6346","page","type-page","status-publish","hentry"],"_links":{"self":[{"href":"https:\/\/sigmaqc.co\/inicio\/wp-json\/wp\/v2\/pages\/6346","targetHints":{"allow":["GET"]}}],"collection":[{"href":"https:\/\/sigmaqc.co\/inicio\/wp-json\/wp\/v2\/pages"}],"about":[{"href":"https:\/\/sigmaqc.co\/inicio\/wp-json\/wp\/v2\/types\/page"}],"author":[{"embeddable":true,"href":"https:\/\/sigmaqc.co\/inicio\/wp-json\/wp\/v2\/users\/1"}],"replies":[{"embeddable":true,"href":"https:\/\/sigmaqc.co\/inicio\/wp-json\/wp\/v2\/comments?post=6346"}],"version-history":[{"count":19,"href":"https:\/\/sigmaqc.co\/inicio\/wp-json\/wp\/v2\/pages\/6346\/revisions"}],"predecessor-version":[{"id":6377,"href":"https:\/\/sigmaqc.co\/inicio\/wp-json\/wp\/v2\/pages\/6346\/revisions\/6377"}],"wp:attachment":[{"href":"https:\/\/sigmaqc.co\/inicio\/wp-json\/wp\/v2\/media?parent=6346"}],"curies":[{"name":"wp","href":"https:\/\/api.w.org\/{rel}","templated":true}]}}