{"id":647,"date":"2021-01-24T21:29:09","date_gmt":"2021-01-24T21:29:09","guid":{"rendered":"http:\/\/sigmaqc.co\/inicio\/?page_id=647"},"modified":"2024-03-28T23:10:25","modified_gmt":"2024-03-28T23:10:25","slug":"reactivos-de-diagnostico","status":"publish","type":"page","link":"https:\/\/sigmaqc.co\/inicio\/reactivos-de-diagnostico\/","title":{"rendered":"Reactivos de diagn\u00f3stico"},"content":{"rendered":"\t\t<div data-elementor-type=\"wp-page\" data-elementor-id=\"647\" class=\"elementor elementor-647\">\n\t\t\t\t\t\t<section class=\"elementor-section elementor-top-section elementor-element elementor-element-f34ede4 elementor-section-boxed elementor-section-height-default elementor-section-height-default\" data-id=\"f34ede4\" data-element_type=\"section\">\n\t\t\t\t\t\t<div class=\"elementor-container elementor-column-gap-default\">\n\t\t\t\t\t<div class=\"elementor-column elementor-col-100 elementor-top-column elementor-element elementor-element-e65bbc8\" data-id=\"e65bbc8\" data-element_type=\"column\">\n\t\t\t<div class=\"elementor-widget-wrap elementor-element-populated\">\n\t\t\t\t\t\t<div class=\"elementor-element elementor-element-4d0d0cb elementor-widget elementor-widget-spacer\" data-id=\"4d0d0cb\" data-element_type=\"widget\" data-widget_type=\"spacer.default\">\n\t\t\t\t<div class=\"elementor-widget-container\">\n\t\t\t\t\t<div class=\"elementor-spacer\">\n\t\t\t<div class=\"elementor-spacer-inner\"><\/div>\n\t\t<\/div>\n\t\t\t\t<\/div>\n\t\t\t\t<\/div>\n\t\t\t\t<div class=\"elementor-element elementor-element-b50608a elementor-widget elementor-widget-heading\" data-id=\"b50608a\" data-element_type=\"widget\" data-widget_type=\"heading.default\">\n\t\t\t\t<div class=\"elementor-widget-container\">\n\t\t\t<h2 class=\"elementor-heading-title elementor-size-default\">Encuentra reactivo que se ajuste a tus necesidades<\/h2>\t\t<\/div>\n\t\t\t\t<\/div>\n\t\t\t\t<div class=\"elementor-element elementor-element-1037e27 elementor-widget elementor-widget-spacer\" data-id=\"1037e27\" data-element_type=\"widget\" data-widget_type=\"spacer.default\">\n\t\t\t\t<div class=\"elementor-widget-container\">\n\t\t\t\t\t<div class=\"elementor-spacer\">\n\t\t\t<div class=\"elementor-spacer-inner\"><\/div>\n\t\t<\/div>\n\t\t\t\t<\/div>\n\t\t\t\t<\/div>\n\t\t\t\t\t<\/div>\n\t\t<\/div>\n\t\t\t\t\t<\/div>\n\t\t<\/section>\n\t\t\t\t<section class=\"elementor-section elementor-top-section elementor-element elementor-element-94908c6 elementor-section-stretched elementor-section-boxed elementor-section-height-default elementor-section-height-default\" data-id=\"94908c6\" data-element_type=\"section\" data-settings=\"{&quot;stretch_section&quot;:&quot;section-stretched&quot;,&quot;background_background&quot;:&quot;classic&quot;}\">\n\t\t\t\t\t\t\t<div class=\"elementor-background-overlay\"><\/div>\n\t\t\t\t\t\t\t<div class=\"elementor-container elementor-column-gap-default\">\n\t\t\t\t\t<div class=\"elementor-column elementor-col-100 elementor-top-column elementor-element elementor-element-59aa6cd\" data-id=\"59aa6cd\" data-element_type=\"column\">\n\t\t\t<div class=\"elementor-widget-wrap elementor-element-populated\">\n\t\t\t\t\t\t<div class=\"elementor-element elementor-element-cf41ec0 elementor-widget elementor-widget-shortcode\" data-id=\"cf41ec0\" data-element_type=\"widget\" data-widget_type=\"shortcode.default\">\n\t\t\t\t<div class=\"elementor-widget-container\">\n\t\t\t\t\t<div class=\"elementor-shortcode\">\t\t\t\t\t\t\t<h3 style=\"margin-bottom:20px ;display:block;width:100%;margin-top:10px\">Reactivos Diagon <\/h3>\r\n\t\t\t\t\t\t\t\t<style>\r\n\t\t\t\t\r\n\t\t\t\t\t#tab_container_651 {\r\n\toverflow:hidden;\r\n\tdisplay:block;\r\n\twidth:100%;\r\n\tborder:0px solid #ddd;\r\n\tmargin-bottom:30px;\r\n\t}\r\n\r\n#tab_container_651 .tab-content{\r\n\tpadding:20px;\r\n\tborder: 1px solid #e6e6e6 !important;\r\n\tmargin-top: 0px;\r\n\tbackground-color:#ffffff !important;\r\n\tcolor: #000000 !important;\r\n\tfont-size:15px !important;\r\n\tfont-family: Open Sans !important;\r\n\t\r\n\t\tborder: 1px solid #e6e6e6 !important;\r\n\t}\r\n#tab_container_651 .wpsm_nav-tabs {\r\n    border-bottom: 0px solid #ddd;\r\n}\r\n#tab_container_651 .wpsm_nav-tabs > li.active > a, #tab_container_651 .wpsm_nav-tabs > li.active > a:hover, #tab_container_651 .wpsm_nav-tabs > li.active > a:focus {\r\n\tcolor: #ffffff !important;\r\n\tcursor: default;\r\n\tbackground-color: #ce3239 !important;\r\n\tborder: 1px solid #b51920 !important;\r\n}\r\n\r\n#tab_container_651 .wpsm_nav-tabs > li > a {\r\n    margin-right: 0px !important; \r\n    line-height: 1.42857143 !important;\r\n    border: 1px solid #ececec !important;\r\n    border-radius: 0px 0px 0 0 !important; \r\n\tbackground-color: #ffffff !important;\r\n\tcolor: #000000 !important;\r\n\tpadding: 15px 18px 15px 18px !important;\r\n\ttext-decoration: none !important;\r\n\tfont-size: 15px !important;\r\n\ttext-align:center !important;\r\n\tfont-family: Open Sans !important;\r\n}\r\n#tab_container_651 .wpsm_nav-tabs > li > a:focus {\r\noutline: 0px !important;\r\n}\r\n\r\n#tab_container_651 .wpsm_nav-tabs > li > a:before {\r\n\tdisplay:none !important;\r\n}\r\n#tab_container_651 .wpsm_nav-tabs > li > a:after {\r\n\tdisplay:none !important ;\r\n}\r\n#tab_container_651 .wpsm_nav-tabs > li{\r\npadding:0px !important ;\r\nmargin:0px;\r\n}\r\n\r\n#tab_container_651 .wpsm_nav-tabs > li > a:hover , #tab_container_651 .wpsm_nav-tabs > li > a:focus {\r\n    color: #000000 !important;\r\n    background-color: #ffffff !important;\r\n\tborder: 1px solid #ececec !important;\r\n\t\r\n}\r\n#tab_container_651 .wpsm_nav-tabs > li > a .fa{\r\n\r\nmargin-right:5px !important;\r\n\r\nmargin-left:5px !important;\r\n\r\n\r\n}\r\n\r\n\t\t#tab_container_651 .wpsm_nav-tabs a{\r\n\t\t\tbackground-image: none;\r\n\t\t\tbackground-position: 0 0;\r\n\t\t\tbackground-repeat: repeat-x;\r\n\t\t}\r\n\t\t\t\r\n\r\n\r\n#tab_container_651 .wpsm_nav-tabs > li {\r\n    float: left;\r\n    margin-bottom: -1px !important;\r\n\tmargin-right:0px !important; \r\n}\r\n\r\n\r\n#tab_container_651 .tab-content{\r\noverflow:hidden !important;\r\n}\r\n\r\n\r\n@media (min-width: 769px) {\r\n\r\n\t#tab_container_651 .wpsm_nav-tabs > li{\r\n\tfloat:none !important;\r\n\t\tmargin-right:-1px !important;\r\n\t\t\t}\r\n\t#tab_container_651 .wpsm_nav-tabs{\r\n\tfloat:left !important;\r\n\tmargin:0px !important;\r\n\t}\r\n}\r\n\r\n#tab_container_651 .wpsm_nav-tabs > li {\r\n    \tmargin-bottom: 8px !important;\r\n\t\t\r\n}\r\n#tab_container_651 .wpsm_nav{\r\n\t\t\t\t\t\tmargin-right: 8px !important;\r\n\t\t\t\r\n\t\t\t\r\n\t}\r\n\r\n\r\n@media (max-width: 768px) {\r\n\t#tab_container_651 .wpsm_nav-tabs > li {\r\n\t\t\t\tmargin-bottom: 8px !important;\r\n\t\tmargin-right:0px !important;\r\n\t\tmargin-left:0px !important;\r\n\t\t\t\t\r\n\t}\r\n\t#tab_container_651 .wpsm_nav{\r\n\t\t\t\tmargin-bottom: 8px !important;\r\n\t\tmargin-right:0px !important;\r\n\t\tmargin-left:0px !important;\r\n\t\t\t}\r\n}\r\n\r\n\r\n\t.wpsm_nav-tabs li:before{\r\n\t\tdisplay:none !important;\r\n\t}\r\n\r\n\t@media (max-width: 768px) {\r\n\t\t\t\t\r\n\t\t\t\t\t\r\n\t\t\t#tab_container_651 .wpsm_nav-tabs  li  a  i{\r\n\t\t\t\tdisplay: none !important;\r\n\t\t\t}\r\n\t\t\t\r\n\t\t\t\t.wpsm_nav-tabs{\r\n\t\t\tmargin-left:0px !important;\r\n\t\t\tmargin-right:0px !important; \r\n\t\t\t\r\n\t\t}\r\n\t\t\t\t#tab_container_651 .wpsm_nav-tabs > li{\r\n\t\t\tfloat:none !important;\r\n\t\t}\r\n\t\t\t\r\n\t}\t\t\t\t<\/style>\r\n\t\t\t\t<div id=\"tab_container_651\" >\r\n\t \r\n\t\t\t\t\t<ul class=\"wpsm_nav wpsm_nav-tabs\" role=\"tablist\" id=\"myTab_651\">\r\n\t\t\t\t\t\t\t\r\n\t\t\t\t\t\t\t<li role=\"presentation\"  class=\"active\"  onclick=\"do_resize()\">\r\n\t\t\t\t\t\t\t\t<a href=\"#tabs_desc_651_1\" aria-controls=\"tabs_desc_651_1\" role=\"tab\" data-toggle=\"tab\">\r\n\t\t\t\t\t\t\t\t\t\r\n\t\t\t\t\t\t\t\t\t\t\t\t\t\t\t\t\t\t\t\t\t\t\t\t\t\t\t\t\r\n\t\t\t\t\t\t\t\t\t\t\t\t\t\t\t\t\t\t\r\n\t\t\t\t\t\t\t\t\t<span>Generalidades<\/span>\r\n\t\t\t\t\t\t\t\t\t\r\n\t\t\t\t\t\t\t\t\t\t\t\t\t\t\t\t\t\t\r\n\t\t\t\t\t\t\t\t\t\t\t\t\t\t\t\t\t\t\t\t\r\n\t\t\t\t\t\t\t\t\t\r\n\t\t\t\t\t\t\t\t<\/a>\r\n\t\t\t\t\t\t\t<\/li>\r\n\t\t\t\t\t\t\t\r\n\t\t\t\t\t\t\t<li role=\"presentation\"  onclick=\"do_resize()\">\r\n\t\t\t\t\t\t\t\t<a href=\"#tabs_desc_651_2\" aria-controls=\"tabs_desc_651_2\" role=\"tab\" data-toggle=\"tab\">\r\n\t\t\t\t\t\t\t\t\t\r\n\t\t\t\t\t\t\t\t\t\t\t\t\t\t\t\t\t\t\t\t\t\t\t\t\t\t\t\t\r\n\t\t\t\t\t\t\t\t\t\t\t\t\t\t\t\t\t\t\r\n\t\t\t\t\t\t\t\t\t<span>Analizador Coag 2D<\/span>\r\n\t\t\t\t\t\t\t\t\t\r\n\t\t\t\t\t\t\t\t\t\t\t\t\t\t\t\t\t\t\r\n\t\t\t\t\t\t\t\t\t\t\t\t\t\t\t\t\t\t\t\t\r\n\t\t\t\t\t\t\t\t\t\r\n\t\t\t\t\t\t\t\t<\/a>\r\n\t\t\t\t\t\t\t<\/li>\r\n\t\t\t\t\t\t\t\r\n\t\t\t\t\t\t\t<li role=\"presentation\"  onclick=\"do_resize()\">\r\n\t\t\t\t\t\t\t\t<a href=\"#tabs_desc_651_3\" aria-controls=\"tabs_desc_651_3\" role=\"tab\" data-toggle=\"tab\">\r\n\t\t\t\t\t\t\t\t\t\r\n\t\t\t\t\t\t\t\t\t\t\t\t\t\t\t\t\t\t\t\t\t\t\t\t\t\t\t\t\r\n\t\t\t\t\t\t\t\t\t\t\t\t\t\t\t\t\t\t\r\n\t\t\t\t\t\t\t\t\t<span>Dia-CaCl 0,025M Cloruro Calcio<\/span>\r\n\t\t\t\t\t\t\t\t\t\r\n\t\t\t\t\t\t\t\t\t\t\t\t\t\t\t\t\t\t\r\n\t\t\t\t\t\t\t\t\t\t\t\t\t\t\t\t\t\t\t\t\r\n\t\t\t\t\t\t\t\t\t\r\n\t\t\t\t\t\t\t\t<\/a>\r\n\t\t\t\t\t\t\t<\/li>\r\n\t\t\t\t\t\t\t\r\n\t\t\t\t\t\t\t<li role=\"presentation\"  onclick=\"do_resize()\">\r\n\t\t\t\t\t\t\t\t<a href=\"#tabs_desc_651_4\" aria-controls=\"tabs_desc_651_4\" role=\"tab\" data-toggle=\"tab\">\r\n\t\t\t\t\t\t\t\t\t\r\n\t\t\t\t\t\t\t\t\t\t\t\t\t\t\t\t\t\t\t\t\t\t\t\t\t\t\t\t\r\n\t\t\t\t\t\t\t\t\t\t\t\t\t\t\t\t\t\t\r\n\t\t\t\t\t\t\t\t\t<span>Dia-PT LIQUID (tiempo de protrombina)<\/span>\r\n\t\t\t\t\t\t\t\t\t\r\n\t\t\t\t\t\t\t\t\t\t\t\t\t\t\t\t\t\t\r\n\t\t\t\t\t\t\t\t\t\t\t\t\t\t\t\t\t\t\t\t\r\n\t\t\t\t\t\t\t\t\t\r\n\t\t\t\t\t\t\t\t<\/a>\r\n\t\t\t\t\t\t\t<\/li>\r\n\t\t\t\t\t\t\t\r\n\t\t\t\t\t\t\t<li role=\"presentation\"  onclick=\"do_resize()\">\r\n\t\t\t\t\t\t\t\t<a href=\"#tabs_desc_651_5\" aria-controls=\"tabs_desc_651_5\" role=\"tab\" data-toggle=\"tab\">\r\n\t\t\t\t\t\t\t\t\t\r\n\t\t\t\t\t\t\t\t\t\t\t\t\t\t\t\t\t\t\t\t\t\t\t\t\t\t\t\t\r\n\t\t\t\t\t\t\t\t\t\t\t\t\t\t\t\t\t\t\r\n\t\t\t\t\t\t\t\t\t<span>Dia-PTT LIQUID (tiempo de tromplina parcial)<\/span>\r\n\t\t\t\t\t\t\t\t\t\r\n\t\t\t\t\t\t\t\t\t\t\t\t\t\t\t\t\t\t\r\n\t\t\t\t\t\t\t\t\t\t\t\t\t\t\t\t\t\t\t\t\r\n\t\t\t\t\t\t\t\t\t\r\n\t\t\t\t\t\t\t\t<\/a>\r\n\t\t\t\t\t\t\t<\/li>\r\n\t\t\t\t\t\t\t\t\t\t\t <\/ul>\r\n\r\n\t\t\t\t\t  <!-- Tab panes -->\r\n\t\t\t\t\t  <div class=\"tab-content\" id=\"tab-content_651\">\r\n\t\t\t\t\t\t\t\t\t\t\t\t <div role=\"tabpanel\" class=\"tab-pane  in active \" id=\"tabs_desc_651_1\">\r\n\t\t\t\t\t\t\t\t<img decoding=\"async\" data-src=\"http:\/\/sigmaqc.co\/inicio\/wp-content\/uploads\/2021\/01\/diagon-1.png\" alt=\"\" width=\"150\" height=\"150\" class=\"alignnone size-full wp-image-291 lazyload\" src=\"data:image\/svg+xml;base64,PHN2ZyB3aWR0aD0iMSIgaGVpZ2h0PSIxIiB4bWxucz0iaHR0cDovL3d3dy53My5vcmcvMjAwMC9zdmciPjwvc3ZnPg==\" style=\"--smush-placeholder-width: 150px; --smush-placeholder-aspect-ratio: 150\/150;\" \/><br\/> \r\nFabricante europeo especializado en hematolog\u00eda y hemostasia. Productos de alto desempe\u00f1o y calidad demostrada durante mas de 25 a\u00f1os de experiencia.\t\t\t\t\t\t <\/div>\r\n\t\t\t\t\t\t\t\t\t\t\t\t <div role=\"tabpanel\" class=\"tab-pane \" id=\"tabs_desc_651_2\">\r\n\t\t\t\t\t\t\t\tAnalizador de coagulaci\u00f3n semiautom\u00e1tico de 2 canales dise\u00f1ado para uso diagn\u00f3stico in vitro. Permite analizar muestras de sangre con gran precisi\u00f3n, detecci\u00f3n del tiempo de coagulaci\u00f3n, realizaci\u00f3n de ensayos cromog\u00e9nicos e inmunol\u00f3gicos en muestras de plasma preparadas a partir de muestra de sangre anticoaguladas con citrato de sodio, recolectadas en tubos de muestra est\u00e1ndar.<br\/> \r\n<br\/> \r\n<b>Par\u00e1metros de an\u00e1lisis:<\/b><br\/>  \r\n\u2022\t<b>Pruebas de coagulaci\u00f3n: <\/b>Pruebas de detecci\u00f3n (PT, APTT, fibrin\u00f3geno, TT), Factores (II, V, VII, X, VIII, IX, XI, XII)<br\/> \r\n\u2022\t<b>Prueba turbidim\u00e9trica: <\/b>D\u00edmero D<br\/> \r\n\u2022\t<b>Ensayos cromog\u00e9nicos: <\/b>AT III, plasmin\u00f3geno, prote\u00edna C<br\/> \r\n\u2022\t<b>Pruebas de inhibidores: <\/b>APC, LA, Prote\u00edna S<br\/> \r\n\u2022\t<b>Pruebas definidas por el usuario: <\/b>Nefelom\u00e9trico, Turbidim\u00e9trico, Cromog\u00e9nico<br\/> \r\n\t\t\t\t\t\t <\/div>\r\n\t\t\t\t\t\t\t\t\t\t\t\t <div role=\"tabpanel\" class=\"tab-pane \" id=\"tabs_desc_651_3\">\r\n\t\t\t\t\t\t\t\t\u2022\tEl dia-CaCl2 est\u00e1 destinado a pruebas de detecci\u00f3n de hemostasia, como el tiempo de tromboplastina parcial activada (TTPA).<br\/>\r\n\u2022\tDia-CaCl2 es una soluci\u00f3n amortiguada de 0, 025m con estabilizador.<br\/>\r\n\u2022\tDia-CaCl2 soluci\u00f3n se proporciona listo para su uso. 12 X 16 ml.<br\/>\r\n\u2022\tLa soluci\u00f3n dia-CaCl2 en vial intacto es estable hasta la fecha de caducidad que se da en el vial, cuando se almacena a 2-8\u00baC. estabilidad tras su apertura en el vial original: un d\u00eda a 37\u00baC, tres d\u00edas a 16\u00baC y siete d\u00edas a 2-8\u00baC. <br\/>\r\n<img decoding=\"async\" data-src=\"http:\/\/sigmaqc.co\/inicio\/wp-content\/uploads\/2021\/01\/icono-pdf.png\" alt=\"\" width=\"50\" height=\"50\" class=\"alignnone size-full wp-image-485 lazyload\" src=\"data:image\/svg+xml;base64,PHN2ZyB3aWR0aD0iMSIgaGVpZ2h0PSIxIiB4bWxucz0iaHR0cDovL3d3dy53My5vcmcvMjAwMC9zdmciPjwvc3ZnPg==\" style=\"--smush-placeholder-width: 50px; --smush-placeholder-aspect-ratio: 50\/50;\" \/><strong><a href=\"http:\/\/sigmaqc.co\/inicio\/wp-content\/uploads\/2021\/02\/IFU-Dia-CaCl2-DIAGON.pdf\" rel=\"noopener\" target=\"_blank\">Descargue el inserto<\/a><\/strong>\r\n\t\t\t\t\t\t <\/div>\r\n\t\t\t\t\t\t\t\t\t\t\t\t <div role=\"tabpanel\" class=\"tab-pane \" id=\"tabs_desc_651_4\">\r\n\t\t\t\t\t\t\t\tReactivo de tiempo de protrombina.<br\/>\r\n\u2022\tPresentacio12 x 4 ml.<br\/>\r\n\u2022\tDia-PT LIQUID es un reactivo l\u00edquido de tromboplastina cerebral de conejo utilizado para la determinaci\u00f3n del tiempo de protrombina (PT).<br\/>\r\n\u2022\tEl reactivo de dia-PT LIQUID est\u00e1 listo para usar.<br\/>\r\n\u2022\tEl reactivo de dia-PT LIQUID en vial intacto es estable hasta la fecha de caducidad indicada en el vial, cuando se almacena a 2-8 C. la estabilidad despu\u00e9s de la apertura en el vial original se muestra en la siguiente tabla:<br\/>\r\n<img decoding=\"async\" data-src=\"http:\/\/sigmaqc.co\/inicio\/wp-content\/uploads\/2021\/02\/tabla-Dia-PT-LIQUID-300x65.jpg\" alt=\"\" width=\"300\" height=\"65\" class=\"alignnone size-medium wp-image-1065 lazyload\" data-srcset=\"https:\/\/sigmaqc.co\/inicio\/wp-content\/uploads\/2021\/02\/tabla-Dia-PT-LIQUID-300x65.jpg 300w, https:\/\/sigmaqc.co\/inicio\/wp-content\/uploads\/2021\/02\/tabla-Dia-PT-LIQUID-1024x223.jpg 1024w, https:\/\/sigmaqc.co\/inicio\/wp-content\/uploads\/2021\/02\/tabla-Dia-PT-LIQUID-768x167.jpg 768w, https:\/\/sigmaqc.co\/inicio\/wp-content\/uploads\/2021\/02\/tabla-Dia-PT-LIQUID-1536x334.jpg 1536w, https:\/\/sigmaqc.co\/inicio\/wp-content\/uploads\/2021\/02\/tabla-Dia-PT-LIQUID.jpg 1952w\" data-sizes=\"(max-width: 300px) 100vw, 300px\" src=\"data:image\/svg+xml;base64,PHN2ZyB3aWR0aD0iMSIgaGVpZ2h0PSIxIiB4bWxucz0iaHR0cDovL3d3dy53My5vcmcvMjAwMC9zdmciPjwvc3ZnPg==\" style=\"--smush-placeholder-width: 300px; --smush-placeholder-aspect-ratio: 300\/65;\" \/><br\/>\r\n<img decoding=\"async\" data-src=\"http:\/\/sigmaqc.co\/inicio\/wp-content\/uploads\/2021\/01\/icono-pdf.png\" alt=\"\" width=\"50\" height=\"50\" class=\"alignnone size-full wp-image-485 lazyload\" src=\"data:image\/svg+xml;base64,PHN2ZyB3aWR0aD0iMSIgaGVpZ2h0PSIxIiB4bWxucz0iaHR0cDovL3d3dy53My5vcmcvMjAwMC9zdmciPjwvc3ZnPg==\" style=\"--smush-placeholder-width: 50px; --smush-placeholder-aspect-ratio: 50\/50;\" \/><strong><a href=\"http:\/\/sigmaqc.co\/inicio\/wp-content\/uploads\/2021\/02\/IFU-Dia-PT-LIQUID-ESP.pdf\" rel=\"noopener\" target=\"_blank\">Descargue el inserto<\/a><\/strong>\r\n\t\t\t\t\t\t <\/div>\r\n\t\t\t\t\t\t\t\t\t\t\t\t <div role=\"tabpanel\" class=\"tab-pane \" id=\"tabs_desc_651_5\">\r\n\t\t\t\t\t\t\t\t\u2022\tDia-PTT LIQUID es un l\u00edquido, listo para usar, reactivo de fosfol\u00edpidos cerebrales de conejo utilizado para la determinaci\u00f3n del tiempo de tromboplastina parcial activada (APTT).<br\/>\r\n\u2022\tEl reactivo de dia-PTT LIQUID est\u00e1 listo para usar. 12x4 ml-<br\/>\r\n\u2022\tEl reactivo l\u00edquido dia-PTT en el vial intacto es estable hasta la fecha de caducidad indicada en el vial, cuando se almacena a 2-8 C. la estabilidad despu\u00e9s de la apertura en el vial original se muestra en la siguiente tabla:<br\/><img decoding=\"async\" data-src=\"http:\/\/sigmaqc.co\/inicio\/wp-content\/uploads\/2021\/02\/tabla-Dia-PT-LIQUID-tromplina-300x86.jpg\" alt=\"\" width=\"300\" height=\"86\" class=\"alignnone size-medium wp-image-1067 lazyload\" data-srcset=\"https:\/\/sigmaqc.co\/inicio\/wp-content\/uploads\/2021\/02\/tabla-Dia-PT-LIQUID-tromplina-300x86.jpg 300w, https:\/\/sigmaqc.co\/inicio\/wp-content\/uploads\/2021\/02\/tabla-Dia-PT-LIQUID-tromplina-1024x294.jpg 1024w, https:\/\/sigmaqc.co\/inicio\/wp-content\/uploads\/2021\/02\/tabla-Dia-PT-LIQUID-tromplina-768x220.jpg 768w, https:\/\/sigmaqc.co\/inicio\/wp-content\/uploads\/2021\/02\/tabla-Dia-PT-LIQUID-tromplina-1536x441.jpg 1536w, https:\/\/sigmaqc.co\/inicio\/wp-content\/uploads\/2021\/02\/tabla-Dia-PT-LIQUID-tromplina.jpg 1590w\" data-sizes=\"(max-width: 300px) 100vw, 300px\" src=\"data:image\/svg+xml;base64,PHN2ZyB3aWR0aD0iMSIgaGVpZ2h0PSIxIiB4bWxucz0iaHR0cDovL3d3dy53My5vcmcvMjAwMC9zdmciPjwvc3ZnPg==\" style=\"--smush-placeholder-width: 300px; --smush-placeholder-aspect-ratio: 300\/86;\" \/><br\/>\r\n<img decoding=\"async\" data-src=\"http:\/\/sigmaqc.co\/inicio\/wp-content\/uploads\/2021\/01\/icono-pdf.png\" alt=\"\" width=\"50\" height=\"50\" class=\"alignnone size-full wp-image-485 lazyload\" src=\"data:image\/svg+xml;base64,PHN2ZyB3aWR0aD0iMSIgaGVpZ2h0PSIxIiB4bWxucz0iaHR0cDovL3d3dy53My5vcmcvMjAwMC9zdmciPjwvc3ZnPg==\" style=\"--smush-placeholder-width: 50px; --smush-placeholder-aspect-ratio: 50\/50;\" \/><strong><a href=\"http:\/\/sigmaqc.co\/inicio\/wp-content\/uploads\/2021\/02\/IFU-Dia-PTT-LIQUID-ESP.pdf\" rel=\"noopener\" target=\"_blank\">Descargue el inserto<\/a><\/strong>\r\n\r\n\r\n\t\t\t\t\t\t <\/div>\r\n\t\t\t\t\t\t\t\r\n\t\t\t\t\t <\/div>\r\n\t\t\t\t\t \r\n\t\t\t\t <\/div>\r\n <script>\r\n\t\tjQuery(function () {\r\n\t\t\tjQuery('#myTab_651 a:first').tab('show')\r\n\t\t});\r\n\t\t\r\n\t\t\r\n\r\n\t\tfunction do_resize(){\r\n\r\n\t\t\tvar width=jQuery( '.tab-content .tab-pane iframe' ).width();\r\n\t\t\tvar height=jQuery( '.tab-content .tab-pane iframe' ).height();\r\n\r\n\t\t\tvar toggleSize = true;\r\n\t\t\tjQuery('iframe').animate({\r\n\t\t\t    width: toggleSize ? width : 640,\r\n\t\t\t    height: toggleSize ? height : 360\r\n\t\t\t  }, 250);\r\n\r\n\t\t\t  toggleSize = !toggleSize;\r\n\t\t}\r\n\r\n\r\n\t<\/script>\r\n\t\t\t\t\r\n\t\t\t<\/div>\n\t\t\t\t<\/div>\n\t\t\t\t<\/div>\n\t\t\t\t\t<\/div>\n\t\t<\/div>\n\t\t\t\t\t<\/div>\n\t\t<\/section>\n\t\t\t\t<section class=\"elementor-section elementor-top-section elementor-element elementor-element-25f7fac elementor-section-boxed elementor-section-height-default elementor-section-height-default\" data-id=\"25f7fac\" data-element_type=\"section\">\n\t\t\t\t\t\t<div class=\"elementor-container elementor-column-gap-default\">\n\t\t\t\t\t<div class=\"elementor-column elementor-col-100 elementor-top-column elementor-element elementor-element-519fe8d\" data-id=\"519fe8d\" data-element_type=\"column\">\n\t\t\t<div class=\"elementor-widget-wrap elementor-element-populated\">\n\t\t\t\t\t\t<div class=\"elementor-element elementor-element-c3d2636 elementor-widget elementor-widget-spacer\" data-id=\"c3d2636\" data-element_type=\"widget\" data-widget_type=\"spacer.default\">\n\t\t\t\t<div class=\"elementor-widget-container\">\n\t\t\t\t\t<div class=\"elementor-spacer\">\n\t\t\t<div class=\"elementor-spacer-inner\"><\/div>\n\t\t<\/div>\n\t\t\t\t<\/div>\n\t\t\t\t<\/div>\n\t\t\t\t\t<\/div>\n\t\t<\/div>\n\t\t\t\t\t<\/div>\n\t\t<\/section>\n\t\t\t\t<\/div>\n\t\t","protected":false},"excerpt":{"rendered":"<p>Encuentra reactivo que se ajuste a tus necesidades <\/p>\n<div class=\"drchanges-read-more-link-wrap\"><a class=\"drchanges-read-more-link\" href=\"https:\/\/sigmaqc.co\/inicio\/?p=651\">Read More<\/a><\/div>\n","protected":false},"author":1,"featured_media":0,"parent":0,"menu_order":0,"comment_status":"closed","ping_status":"closed","template":"","meta":{"footnotes":""},"class_list":["post-647","page","type-page","status-publish","hentry"],"_links":{"self":[{"href":"https:\/\/sigmaqc.co\/inicio\/wp-json\/wp\/v2\/pages\/647","targetHints":{"allow":["GET"]}}],"collection":[{"href":"https:\/\/sigmaqc.co\/inicio\/wp-json\/wp\/v2\/pages"}],"about":[{"href":"https:\/\/sigmaqc.co\/inicio\/wp-json\/wp\/v2\/types\/page"}],"author":[{"embeddable":true,"href":"https:\/\/sigmaqc.co\/inicio\/wp-json\/wp\/v2\/users\/1"}],"replies":[{"embeddable":true,"href":"https:\/\/sigmaqc.co\/inicio\/wp-json\/wp\/v2\/comments?post=647"}],"version-history":[{"count":56,"href":"https:\/\/sigmaqc.co\/inicio\/wp-json\/wp\/v2\/pages\/647\/revisions"}],"predecessor-version":[{"id":3884,"href":"https:\/\/sigmaqc.co\/inicio\/wp-json\/wp\/v2\/pages\/647\/revisions\/3884"}],"wp:attachment":[{"href":"https:\/\/sigmaqc.co\/inicio\/wp-json\/wp\/v2\/media?parent=647"}],"curies":[{"name":"wp","href":"https:\/\/api.w.org\/{rel}","templated":true}]}}